{"id":5995,"date":"2021-11-22T22:31:14","date_gmt":"2021-11-22T21:31:14","guid":{"rendered":"https:\/\/www.skarsetlia.no\/?page_id=5995"},"modified":"2026-04-04T11:51:26","modified_gmt":"2026-04-04T09:51:26","slug":"informasjon-til-meglere","status":"publish","type":"page","link":"https:\/\/www.skarsetlia.no\/?page_id=5995","title":{"rendered":"Informasjon til meglere"},"content":{"rendered":"\n<p><\/p>\n\n\n\n<p><br>Alle medlemmer i Sk\u00e5rsetlia Huseierlag er selveiere. Sameiet omfatter fellesarealer og<br>carportanlegg. Alle medeiere betaler en \u00e5rlig avgift til huseierlaget, som dekker br\u00f8yting, forsikring<br>av carportanlegg og andre kostnader knyttet til drift av felles eiendom.<br><br>\u00c5rsavgiften for 2026 er satt til 5000 kr.<br><br>I tillegg betales en \u00e5rsavgift til tunet\/gatetunet som boligen tilh\u00f8rer. Dette g\u00e5r til str\u00f8m i<br>carportanlegg og lokale tiltak i tunet. \u00c5rsavgiften i tunet\/gatetunet fastsettes lokalt i tunet\/<br>gatetunet, se oversikt nederst p\u00e5 siden.<br><br>Opplysninger om eventuelt utest\u00e5ende fellesavgift til sameiet f\u00e5s ved \u00e5 kontakte&nbsp;USBLs kundesenter:&nbsp;<a href=\"mailto:usbl@usbl.no\" target=\"_blank\" rel=\"noreferrer noopener\">usbl@usbl.no<\/a>&nbsp;eller tlf. 22 98 38 00. Eierskifte i huseierlaget koster 3091 kr. Eierskifte meldes til&nbsp;<a href=\"mailto:eierskifte@usbl.no\" target=\"_blank\" rel=\"noreferrer noopener\">eierskifte@usbl.no<\/a><\/p>\n\n\n\n<p><strong>Protokoll fra \u00e5rsm\u00f8tet, vedtekter og ordensregler<\/strong> ligger under fanen INFORMASJON p\u00e5<br>nettsiden. <\/p>\n\n\n\n<p><\/p>\n\n\n\n<p><br><strong>Opplysninger om fellesavgift<\/strong> i det enkelte tun\/gatetun f\u00e5s ved \u00e5 kontakte leder i det aktuelle<br>tun:<br><br><strong>Tun 1<\/strong><br>Blestervegen 80 &#8211; 100 (like nummer)<br>Kontaktperson: Petter Mahrum<br><br><strong>Tun 2<\/strong><br>Blestervegen 77 &#8211; 97 (ulike nummer)<br>Kontaktperson: Emma Johanna Sj\u00f6gren<a href=\"mailto:elinejordhoey@gmail.com\">johanna.sjogren@live.com<\/a><br><br><strong>Gate nord<\/strong><br>Blestervegen 10 &#8211; 76 (like nummer)<br>Kontaktperson: Anne Birgit Lundg\u00e5rd <a href=\"mailto:bibbi@transporthuset.no\">bibbi@transporthuset.no<\/a><br><br><strong>Tun 3<\/strong><br>Kvernhusvegen 60 &#8211; 86 (like nummer)<br>Kontaktperson: Trond Kristian Schreiner <a href=\"mailto:oyvind_rype@hotmail.com\"><a href=\"mailto:trschrei@hotmail.com\">trschrei@hotmail.com<\/a><\/a><br><br><strong>Tun 4<\/strong><br>Kvernhusvegen 55 &#8211; 89 (ulike nummer)<br>Kontaktperson: Jonas Andreas Olstad <a href=\"mailto:jonas.olstad@gmail.com\">jonas.olstad@gmail.com<\/a><br><br><strong>Gate s\u00f8r<\/strong><br>Kvernhusvegen 10 &#8211; 54 (like nummer)<br>Kontaktperson: Ola Kulsveen S\u00f8bye &#8211; ola.k.sobye@gmail.com<\/p>\n\n\n\n<p>Oppdatert pr 04.04.2026<\/p>\n\n\n\n<p><\/p>\n","protected":false},"excerpt":{"rendered":"<p>Alle medlemmer i Sk\u00e5rsetlia Huseierlag er selveiere. Sameiet omfatter fellesarealer ogcarportanlegg. Alle medeiere betaler en \u00e5rlig avgift til huseierlaget, som dekker br\u00f8yting, forsikringav carportanlegg og andre kostnader knyttet til drift av felles eiendom.\u00c5rsavgiften for 2026 er satt til 5000 kr.I tillegg betales en \u00e5rsavgift til tunet\/gatetunet som boligen tilh\u00f8rer. Dette g\u00e5r til str\u00f8m icarportanlegg og&#8230; <\/p>\n<div class=\"read-more\"><a href=\"https:\/\/www.skarsetlia.no\/?page_id=5995\">Read More<\/a><\/div>\n","protected":false},"author":1,"featured_media":0,"parent":0,"menu_order":0,"comment_status":"closed","ping_status":"closed","template":"","meta":{"footnotes":""},"class_list":["post-5995","page","type-page","status-publish","hentry"],"_links":{"self":[{"href":"https:\/\/www.skarsetlia.no\/index.php?rest_route=\/wp\/v2\/pages\/5995","targetHints":{"allow":["GET"]}}],"collection":[{"href":"https:\/\/www.skarsetlia.no\/index.php?rest_route=\/wp\/v2\/pages"}],"about":[{"href":"https:\/\/www.skarsetlia.no\/index.php?rest_route=\/wp\/v2\/types\/page"}],"author":[{"embeddable":true,"href":"https:\/\/www.skarsetlia.no\/index.php?rest_route=\/wp\/v2\/users\/1"}],"replies":[{"embeddable":true,"href":"https:\/\/www.skarsetlia.no\/index.php?rest_route=%2Fwp%2Fv2%2Fcomments&post=5995"}],"version-history":[{"count":26,"href":"https:\/\/www.skarsetlia.no\/index.php?rest_route=\/wp\/v2\/pages\/5995\/revisions"}],"predecessor-version":[{"id":6175,"href":"https:\/\/www.skarsetlia.no\/index.php?rest_route=\/wp\/v2\/pages\/5995\/revisions\/6175"}],"wp:attachment":[{"href":"https:\/\/www.skarsetlia.no\/index.php?rest_route=%2Fwp%2Fv2%2Fmedia&parent=5995"}],"curies":[{"name":"wp","href":"https:\/\/api.w.org\/{rel}","templated":true}]}}