{"id":5800,"date":"2021-03-21T23:01:09","date_gmt":"2021-03-21T22:01:09","guid":{"rendered":"http:\/\/www.skarsetlia.no\/?page_id=5800"},"modified":"2026-04-04T11:38:55","modified_gmt":"2026-04-04T09:38:55","slug":"protokoller-fra-arsmoter","status":"publish","type":"page","link":"https:\/\/www.skarsetlia.no\/?page_id=5800","title":{"rendered":"Protokoller fra \u00e5rsm\u00f8ter"},"content":{"rendered":"\n<p><a href=\"https:\/\/www.skarsetlia.no\/wp-content\/uploads\/Arsmote-2025-1.pdf\" data-type=\"attachment\" data-id=\"6172\">\u00c5rsm\u00f8te 2025<\/a><\/p>\n\n\n\n<p><a href=\"https:\/\/www.skarsetlia.no\/wp-content\/uploads\/protokoll_arsmote_2024_ordinaert.pdf\">\u00c5rsm\u00f8te 2024<\/a><\/p>\n\n\n\n<p><a href=\"https:\/\/www.skarsetlia.no\/wp-content\/uploads\/protokoll_ekstraordin_arsmote_2024.pdf\">\u00c5rsm\u00f8te 2024, ekstraordin\u00e6rt.<\/a><\/p>\n\n\n\n<p><a href=\"https:\/\/www.skarsetlia.no\/?p=6056\">\u00c5rsm\u00f8te 2023<\/a><\/p>\n\n\n\n<p><a href=\"https:\/\/www.skarsetlia.no\/?p=6016\">\u00c5rsm\u00f8te 2022<\/a><\/p>\n\n\n\n<p><a href=\"https:\/\/www.skarsetlia.no\/?p=5961\">\u00c5rsm\u00f8te 2021<\/a><\/p>\n\n\n\n<p><a href=\"https:\/\/www.skarsetlia.no\/?p=5858\" data-type=\"post\" data-id=\"5858\">\u00c5rsm\u00f8te 2020<\/a><\/p>\n\n\n\n<p><a href=\"https:\/\/www.skarsetlia.no\/?p=778\" data-type=\"URL\" data-id=\"https:\/\/www.skarsetlia.no\/?p=778\">\u00c5rsm\u00f8te 2019<\/a><\/p>\n\n\n\n<p><a href=\"https:\/\/www.skarsetlia.no\/?p=758\">\u00c5rsm\u00f8te 2018<\/a><\/p>\n","protected":false},"excerpt":{"rendered":"<p>\u00c5rsm\u00f8te 2025 \u00c5rsm\u00f8te 2024 \u00c5rsm\u00f8te 2024, ekstraordin\u00e6rt. \u00c5rsm\u00f8te 2023 \u00c5rsm\u00f8te 2022 \u00c5rsm\u00f8te 2021 \u00c5rsm\u00f8te 2020 \u00c5rsm\u00f8te 2019 \u00c5rsm\u00f8te 2018<\/p>\n","protected":false},"author":11,"featured_media":0,"parent":0,"menu_order":0,"comment_status":"closed","ping_status":"closed","template":"","meta":{"footnotes":""},"class_list":["post-5800","page","type-page","status-publish","hentry"],"_links":{"self":[{"href":"https:\/\/www.skarsetlia.no\/index.php?rest_route=\/wp\/v2\/pages\/5800","targetHints":{"allow":["GET"]}}],"collection":[{"href":"https:\/\/www.skarsetlia.no\/index.php?rest_route=\/wp\/v2\/pages"}],"about":[{"href":"https:\/\/www.skarsetlia.no\/index.php?rest_route=\/wp\/v2\/types\/page"}],"author":[{"embeddable":true,"href":"https:\/\/www.skarsetlia.no\/index.php?rest_route=\/wp\/v2\/users\/11"}],"replies":[{"embeddable":true,"href":"https:\/\/www.skarsetlia.no\/index.php?rest_route=%2Fwp%2Fv2%2Fcomments&post=5800"}],"version-history":[{"count":14,"href":"https:\/\/www.skarsetlia.no\/index.php?rest_route=\/wp\/v2\/pages\/5800\/revisions"}],"predecessor-version":[{"id":6173,"href":"https:\/\/www.skarsetlia.no\/index.php?rest_route=\/wp\/v2\/pages\/5800\/revisions\/6173"}],"wp:attachment":[{"href":"https:\/\/www.skarsetlia.no\/index.php?rest_route=%2Fwp%2Fv2%2Fmedia&parent=5800"}],"curies":[{"name":"wp","href":"https:\/\/api.w.org\/{rel}","templated":true}]}}