{"id":532,"date":"2021-03-21T00:38:13","date_gmt":"2021-03-20T23:38:13","guid":{"rendered":"http:\/\/www.skarsetlia.no\/?page_id=532"},"modified":"2026-04-04T11:59:16","modified_gmt":"2026-04-04T09:59:16","slug":"kontaktpersoner","status":"publish","type":"page","link":"https:\/\/www.skarsetlia.no\/","title":{"rendered":"Hjemmeside for boligeiere i Sk\u00e5rsetlia huseierlag"},"content":{"rendered":"\n<h2 class=\"wp-block-heading\">Vanlig \u00e5rsm\u00f8te mandag 27. april 2026<\/h2>\n\n\n\n<p>Innkalling kommer.<\/p>\n\n\n\n<p>Dato og tid er satt til mandag 27. april klokka 18:00 i Sk\u00e5rsetlia Bo- og servicesenter<\/p>\n\n\n\n<h2 class=\"wp-block-heading\">F\u00e5 informasjon fra styret og USBL.<\/h2>\n\n\n\n<p>USBL i Lillehammer f\u00f8rer regnskap og gj\u00f8r enkelte andre tjenester for oss. For at alle p\u00e5 best mulig m\u00e5te skal f\u00e5 informasjon m\u00e5 alle registrere seg p\u00e5 <a href=\"https:\/\/usbl.bbl.no\/minside\">https:\/\/usbl.bbl.no\/minside<\/a> De har ogs\u00e5 an app som gir informasjon og som brukes til meldinger til styret. Vi anbefaler ogs\u00e5 denne. B\u00e5de nettsidene og appen heter Bonabo.<br><\/p>\n\n\n\n<p><strong>Opprette USBL portal-bruker<\/strong><\/p>\n\n\n\n<p>1. G\u00e5 til \u201c<a href=\"https:\/\/www.usbl.no\/om-usbl\/om-oss\/bonabo\">https:\/\/www.usbl.no\/om-usbl\/om-oss\/bonabo<\/a>&laquo;<\/p>\n\n\n\n<p>2. Trykk \u201cLogg inn\u201d under \u201cFor medlemmer og beboere\u201d<\/p>\n\n\n\n<p>3. P\u00e5 den nye siden skriver du inn telefonnummeret ditt eller e-postadressen din for \u00e5 registrere ny bruker og logge inn. Du vil kort tid etterp\u00e5 motta en kode p\u00e5 telefon eller e-post, etter hva du valgte \u00e5 legge inn.<\/p>\n\n\n\n<p>4. Skriv inn den firesifrede koden.<\/p>\n\n\n\n<p>5. Deretter blir du bedt om \u00e5 fylle inn litt informasjon om deg selv. Det de trenger er: telefonnummeret ditt, e-postadressen din og bankkontonummeret. Bankkonto kreves i den forbindelse det skulle ha oppst\u00e5tt feil og det er behov for tilbakebetalinger.<\/p>\n\n\n\n<p>6. Da skal kontoen din v\u00e6re opprettet og du kan se og sende meldinger til styret her.<\/p>\n\n\n\n<h2 class=\"wp-block-heading\">P\u00e5 v\u00e5re nettsider<\/h2>\n\n\n\n<ul class=\"wp-block-list\">\n<li>Kontaktinformasjon for styret og tunledere<\/li>\n\n\n\n<li>Protokoller fra \u00e5rsm\u00f8ter<\/li>\n\n\n\n<li>Vedtekter<\/li>\n\n\n\n<li>Ordensregler<\/li>\n\n\n\n<li>Reguleringsplan<\/li>\n\n\n\n<li>Anbefalinger om HMS<\/li>\n\n\n\n<li>Diverse dokumenter<\/li>\n<\/ul>\n\n\n\n<p>Her ligger ogs\u00e5 boligmanual for Sk\u00e5rsetlia huseierlag. Denne inneholder viktig informasjon om rammer for f.eks fargevalg og koder, materialevalg og info om utvidelser.<\/p>\n\n\n\n<h2 class=\"wp-block-heading\"><\/h2>\n\n\n\n<p><\/p>\n","protected":false},"excerpt":{"rendered":"<p>Vanlig \u00e5rsm\u00f8te mandag 27. april 2026 Innkalling kommer. Dato og tid er satt til mandag 27. april klokka 18:00 i Sk\u00e5rsetlia Bo- og servicesenter F\u00e5 informasjon fra styret og USBL. USBL i Lillehammer f\u00f8rer regnskap og gj\u00f8r enkelte andre tjenester for oss. For at alle p\u00e5 best mulig m\u00e5te skal f\u00e5 informasjon m\u00e5 alle registrere&#8230; <\/p>\n<div class=\"read-more\"><a href=\"https:\/\/www.skarsetlia.no\/\">Read More<\/a><\/div>\n","protected":false},"author":1,"featured_media":0,"parent":0,"menu_order":0,"comment_status":"closed","ping_status":"closed","template":"","meta":{"footnotes":""},"class_list":["post-532","page","type-page","status-publish","hentry"],"_links":{"self":[{"href":"https:\/\/www.skarsetlia.no\/index.php?rest_route=\/wp\/v2\/pages\/532","targetHints":{"allow":["GET"]}}],"collection":[{"href":"https:\/\/www.skarsetlia.no\/index.php?rest_route=\/wp\/v2\/pages"}],"about":[{"href":"https:\/\/www.skarsetlia.no\/index.php?rest_route=\/wp\/v2\/types\/page"}],"author":[{"embeddable":true,"href":"https:\/\/www.skarsetlia.no\/index.php?rest_route=\/wp\/v2\/users\/1"}],"replies":[{"embeddable":true,"href":"https:\/\/www.skarsetlia.no\/index.php?rest_route=%2Fwp%2Fv2%2Fcomments&post=532"}],"version-history":[{"count":28,"href":"https:\/\/www.skarsetlia.no\/index.php?rest_route=\/wp\/v2\/pages\/532\/revisions"}],"predecessor-version":[{"id":6176,"href":"https:\/\/www.skarsetlia.no\/index.php?rest_route=\/wp\/v2\/pages\/532\/revisions\/6176"}],"wp:attachment":[{"href":"https:\/\/www.skarsetlia.no\/index.php?rest_route=%2Fwp%2Fv2%2Fmedia&parent=532"}],"curies":[{"name":"wp","href":"https:\/\/api.w.org\/{rel}","templated":true}]}}